{"id":4277,"date":"2024-07-16T11:16:26","date_gmt":"2024-07-16T09:16:26","guid":{"rendered":"https:\/\/areaalzheimer.fpmaragall.org\/?page_id=4277"},"modified":"2026-01-09T08:31:38","modified_gmt":"2026-01-09T07:31:38","slug":"politica-de-cookies","status":"publish","type":"page","link":"https:\/\/areaalzheimer.fpmaragall.org\/ca\/politica-de-cookies\/","title":{"rendered":"Pol\u00edtica de cookies"},"content":{"rendered":"\n<p id=\"inicio\">Volem informar-te de manera clara i precisa sobre les cookies que utilitzem, detallant a continuaci\u00f3, qu\u00e8 \u00e9s una cookie, per a qu\u00e8 serveix, quins tipus de cookies fem servir, quina \u00e9s la seva finalitat i com pots configurar-les o deshabilitar-les si aix\u00ed ho desitges.<br><br>Data darrera actualitzaci\u00f3: 23\/10\/2024<\/p>\n\n\n\n<p><strong>QU\u00c8 \u00c9S UNA COOKIE I PER A QU\u00c8 SERVEIX?<br><\/strong><br>Una cookie \u00e9s un petit arxiu que s&#8217;emmagatzema a l&#8217;ordinador de l&#8217;usuari, tauleta, smartphone o qualsevol altre dispositiu amb informaci\u00f3 sobre la navegaci\u00f3. El conjunt de &#8220;cookies&#8221; de tots els nostres usuaris ens ajuda a millorar la qualitat de la nostra web, permetent-nos controlar quines p\u00e0gines s\u00f3n \u00fatils, quines no i quines s\u00f3n susceptibles de millora. Les cookies s\u00f3n essencials pel funcionament d&#8217;internet, aportant innumerables avantatges en la prestaci\u00f3 de serveis interactius, facilitant la navegaci\u00f3 i usabilitat de la nostra web. En cap cas les cookies podrien danyar el teu equip. Per contra, el que estiguin actives ens ajuda a identificar i resoldre els errors.<br><strong><br><\/strong><br><strong>TIPUS DE COOKIES QUE UTILITZEM<br><\/strong>Les Cookies utilitzades a la plataforma\u00a0<strong>Area Alzheimer de la Fundaci\u00f3\u00a0Pasqual<\/strong>\u00a0Maragall s\u00f3n:<\/p>\n\n\n\n<p><strong>Cookies Necess\u00e0ries o Funcionals<\/strong><br>S\u00f3n essencials perqu\u00e8 el lloc web funcioni correctament i per millorar l&#8217;experi\u00e8ncia de navegaci\u00f3 de l&#8217;usuari. Aquestes cookies no poden ser desactivades en els nostres sistemes. Sense elles, algunes parts del lloc no funcionarien adequadament.<\/p>\n\n\n\n<p>wp-admin\/admin.php<em>: Identifica les p\u00e0gines administratives de WordPress per garantir el correcte funcionament del backend. redux_<\/em>: Emmagatzema opcions o l&#8217;estat de la interf\u00edcie mitjan\u00e7ant el framework Redux.<br>acf: Suporta la funcionalitat del plugin Advanced Custom Fields.<br>wp-wpml_current_admin_language_* i wp-wpml_current_language: Desen les prefer\u00e8ncies d&#8217;idioma tant al backend com al frontend del lloc.<br>support_form_token: Proporciona un token anti-CSRF per garantir la seguretat en l&#8217;enviament de formularis.<\/p>\n\n\n\n<p><strong>Cookies de Prefer\u00e8ncies o Personalitzaci\u00f3<\/strong><br>Permeten recordar les prefer\u00e8ncies de l&#8217;usuari (per exemple, idioma o configuraci\u00f3 regional) per accedir al lloc amb determinades caracter\u00edstiques que milloren la seva experi\u00e8ncia de navegaci\u00f3.<\/p>\n\n\n\n<p>selectedUserType: Emmagatzema el tipus d&#8217;usuari seleccionat a la plataforma.<br>wp-wpml_current_language: Emmagatzema l&#8217;idioma de prefer\u00e8ncia de l&#8217;usuari.<\/p>\n\n\n\n<p><strong>Cookies de Rendiment<\/strong><br>Aquestes cookies recopilen informaci\u00f3 sobre com els usuaris interactuen amb el nostre lloc, com les p\u00e0gines m\u00e9s visitades o si es produeixen errors. La informaci\u00f3 \u00e9s an\u00f2nima i nom\u00e9s s&#8217;utilitza per millorar el funcionament del lloc.<\/p>\n\n\n\n<p>charCount: Emmagatzema el recompte de car\u00e0cters als camps de text.<br>loglevel: Registra el nivell de logueig per a fins de depuraci\u00f3.<br>ams_tq_last_ids: Emmagatzema els \u00faltims IDs utilitzats al plugin AMS.<br>rank-math-option-search-index, rank-math-option-general-index, rank-math-option-sitemap-index, i rank-math-option-titles-index: Cookies del plugin Rank Math SEO que emmagatzemen diferents opcions d&#8217;indexaci\u00f3 i configuraci\u00f3 del lloc.<\/p>\n\n\n\n<p><strong>Cookies d&#8217;An\u00e0lisi<\/strong><br>Utilitzem eines de tercers, com Google Analytics, per recopilar dades an\u00f2nimes sobre el comportament dels usuaris al nostre lloc web. Aix\u00f2 ens ajuda a millorar cont\u00ednuament l&#8217;experi\u00e8ncia d&#8217;usuari.<\/p>\n\n\n\n<p>Google Fonts API: Utilitzada per gestionar la c\u00e0rrega de fonts externes.<br>Google Maps API: Utilitzada per integrar mapes interactius a la nostra web.<\/p>\n\n\n\n<p><strong>Cookies de M\u00e0rqueting<\/strong><br>Aquestes cookies s&#8217;utilitzen per rastrejar l&#8217;activitat dels usuaris per oferir anuncis personalitzats. Algunes s\u00f3n gestionades per tercers i emmagatzemen informaci\u00f3 sobre les visites a la nostra web.<\/p>\n\n\n\n<p>VISITOR_INFO1_LIVE, YSC, y PREF: Cookies de YouTube que emmagatzemen informaci\u00f3 sobre les interaccions de l&#8217;usuari amb els v\u00eddeos i les seves prefer\u00e8ncies.<br>GPS: Cookie de YouTube utilitzada per rastrejar la ubicaci\u00f3 de l&#8217;usuari.<\/p>\n\n\n\n<p><strong>Cookies de Compliment<\/strong><br>Aquestes cookies garanteixen que complim amb la normativa vigent sobre protecci\u00f3 de dades i gesti\u00f3 de cookies.<\/p>\n\n\n\n<p>cmplz_functional, cmplz_statistics, cmplz_preferences, i cmplz_marketing: Cookies de Complianz que emmagatzemen les prefer\u00e8ncies de l&#8217;usuari en relaci\u00f3 amb l&#8217;acceptaci\u00f3 de cookies segons les categories definides (funcionals, estad\u00edstiques, prefer\u00e8ncies i m\u00e0rqueting).<span style=\"font-size: 10pt; font-family: Aptos; color: rgb(29, 33, 37); background-color: transparent; font-variant-numeric: normal; font-variant-east-asian: normal; font-variant-alternates: normal; font-variant-position: normal; vertical-align: baseline;\"><\/span><\/p>\n\n\n\n<p><br><strong>\u00a0COM POTS CONFIGURAR O DESHABILITAR LES TEVES COOKIES?<br><\/strong><br>Pots permetre, bloquejar o eliminar les cookies instal\u00b7lades al teu equip mitjan\u00e7ant la configuraci\u00f3 de les opcions del teu navegador d&#8217;Internet. En cas que no permetis la instal\u00b7laci\u00f3 de cookies al teu navegador \u00e9s possible que no puguis accedir a alguns dels serveis i que la teva experi\u00e8ncia a la nostra web pugui resultar menys satisfact\u00f2ria. Als seg\u00fcents enlla\u00e7os tens a la teva disposici\u00f3 tota la informaci\u00f3 per configurar o deshabilitar les teves cookies a cada navegador.<\/p>\n\n\n\n<p><span style=\"font-size: 10pt; font-family: Aptos; color: rgb(29, 33, 37); background-color: transparent; font-variant-numeric: normal; font-variant-east-asian: normal; font-variant-alternates: normal; font-variant-position: normal; vertical-align: baseline;\"><\/span><span style=\"font-size: 10pt; font-family: Aptos; color: rgb(29, 33, 37); background-color: transparent; font-variant-numeric: normal; font-variant-east-asian: normal; font-variant-alternates: normal; font-variant-position: normal; vertical-align: baseline;\"><\/span><\/p>\n\n\n\n<p>\u2022 Google Chrome:<strong>&nbsp;<a href=\"https:\/\/support.google.com\/chrome\/answer\/95647?hl=es\" target=\"_blank\" rel=\"noopener\">https:\/\/support.google.com\/chrome\/answer\/95647?hl=es<\/a><\/strong><span style=\"font-size: 10pt; font-family: Aptos; color: rgb(29, 33, 37); background-color: transparent; font-variant-numeric: normal; font-variant-east-asian: normal; font-variant-alternates: normal; font-variant-position: normal; vertical-align: baseline;\"><\/span><span style=\"font-size: 10pt; font-family: Aptos; color: rgb(29, 33, 37); background-color: transparent; font-variant-numeric: normal; font-variant-east-asian: normal; font-variant-alternates: normal; font-variant-position: normal; vertical-align: baseline;\"><\/span><\/p>\n\n\n\n<p>\u2022 Mozilla Firefox:&nbsp;<strong><a href=\"https:\/\/support.mozilla.org\/es\/kb\/habilitar-y-deshabilitar-cookies-que-los-sitios-web\" target=\"_blank\" rel=\"noopener\">https:\/\/support.mozilla.org\/es\/kb\/habilitar-y-deshabilitar-cookies-que-los-sitios-web<\/a><\/strong><span style=\"font-size: 10pt; font-family: Aptos; color: rgb(29, 33, 37); background-color: transparent; font-variant-numeric: normal; font-variant-east-asian: normal; font-variant-alternates: normal; font-variant-position: normal; vertical-align: baseline;\"><\/span><span style=\"font-size: 10pt; font-family: Aptos; color: rgb(29, 33, 37); background-color: transparent; font-variant-numeric: normal; font-variant-east-asian: normal; font-variant-alternates: normal; font-variant-position: normal; vertical-align: baseline;\"><\/span><\/p>\n\n\n\n<p>\u2022 Internet Explorer:&nbsp;<a href=\"http:\/\/windows.microsoft.com\/es-es\/windows-vista\/block-or-allow-cookies\ufffc&nbsp;\" target=\"_blank\" rel=\"noopener\"><strong>http:\/\/windows.microsoft.com\/es-es\/windows-vista\/block-or-allow-cookies<\/strong><span style=\"font-size: 10pt; font-family: Aptos; color: rgb(29, 33, 37); background-color: transparent; font-variant-numeric: normal; font-variant-east-asian: normal; font-variant-alternates: normal; font-variant-position: normal; vertical-align: baseline;\"><\/span><span style=\"font-size: 10pt; font-family: Aptos; color: rgb(29, 33, 37); background-color: transparent; font-variant-numeric: normal; font-variant-east-asian: normal; font-variant-alternates: normal; font-variant-position: normal; vertical-align: baseline;\"><\/span>&nbsp;<\/a><\/p>\n\n\n\n<p>\u2022 Safari:&nbsp;<a href=\"http:\/\/www.apple.com\/es\/support\/\" target=\"_blank\" rel=\"noopener\"><strong>http:\/\/www.apple.com\/es\/support\/<\/strong><\/a>&nbsp;<\/p>\n\n\n\n<p>\u2022 Safari per a iOS (iPhone i iPad):\u00a0<a href=\"http:\/\/www.apple.com\/es\/support\/\" target=\"_blank\" rel=\"noopener\"><strong>http:\/\/www.apple.com\/es\/support\/<\/strong><\/a><\/p>\n\n\n\n<p><span style=\"font-size: 10pt; font-family: Aptos; color: rgb(29, 33, 37); background-color: transparent; font-variant-numeric: normal; font-variant-east-asian: normal; font-variant-alternates: normal; font-variant-position: normal; vertical-align: baseline;\"><\/span><span style=\"font-size: 10pt; font-family: Aptos; color: rgb(29, 33, 37); background-color: transparent; font-variant-numeric: normal; font-variant-east-asian: normal; font-variant-alternates: normal; font-variant-position: normal; vertical-align: baseline;\"><\/span>\u2022 Google Chrome per a Android:\u00a0<a href=\"https:\/\/support.google.com\/chrome\/answer\/2392971?hl=es\" target=\"_blank\" rel=\"noopener\"><strong>https:\/\/support.google.com\/chrome\/answer\/2392971?hl=es<\/strong><\/a><br><\/p>\n\n\n\n<p><strong>ACTUALITZACI\u00d3 I CANVIS EN LA POL\u00cdTICA DE PRIVACITAT I COOKIES<br><\/strong><br>El Responsable pot modificar aquesta pol\u00edtica de cookies en funci\u00f3 d&#8217;exig\u00e8ncies legislatives, reglament\u00e0ries, o amb la finalitat d&#8217;adaptar aquesta pol\u00edtica a les instruccions dictades per l&#8217;Ag\u00e8ncia Espanyola de Protecci\u00f3 de Dades; per aix\u00f2, es recomana als usuaris que la visitin peri\u00f2dicament.<br><\/p>\n\n\n\n<p><a aria-label=\"Volver arriba\" href=\"#inicio\" data-type=\"internal\" data-id=\"#inicio\"><strong>Anar a dalt<\/strong><\/a><\/p>\n\n\n\n<p><\/p>\n","protected":false},"excerpt":{"rendered":"<p>Volem informar-te de manera clara i precisa sobre les cookies que utilitzem, detallant a continuaci\u00f3, qu\u00e8 \u00e9s una cookie, per a qu\u00e8 serveix, quins tipus&hellip;<\/p>\n","protected":false},"author":20,"featured_media":0,"parent":0,"menu_order":0,"comment_status":"closed","ping_status":"closed","template":"","meta":{"_acf_changed":false,"footnotes":""},"class_list":["post-4277","page","type-page","status-publish","hentry"],"acf":[],"_links":{"self":[{"href":"https:\/\/areaalzheimer.fpmaragall.org\/ca\/wp-json\/wp\/v2\/pages\/4277","targetHints":{"allow":["GET"]}}],"collection":[{"href":"https:\/\/areaalzheimer.fpmaragall.org\/ca\/wp-json\/wp\/v2\/pages"}],"about":[{"href":"https:\/\/areaalzheimer.fpmaragall.org\/ca\/wp-json\/wp\/v2\/types\/page"}],"author":[{"embeddable":true,"href":"https:\/\/areaalzheimer.fpmaragall.org\/ca\/wp-json\/wp\/v2\/users\/20"}],"replies":[{"embeddable":true,"href":"https:\/\/areaalzheimer.fpmaragall.org\/ca\/wp-json\/wp\/v2\/comments?post=4277"}],"version-history":[{"count":16,"href":"https:\/\/areaalzheimer.fpmaragall.org\/ca\/wp-json\/wp\/v2\/pages\/4277\/revisions"}],"predecessor-version":[{"id":6373,"href":"https:\/\/areaalzheimer.fpmaragall.org\/ca\/wp-json\/wp\/v2\/pages\/4277\/revisions\/6373"}],"wp:attachment":[{"href":"https:\/\/areaalzheimer.fpmaragall.org\/ca\/wp-json\/wp\/v2\/media?parent=4277"}],"curies":[{"name":"wp","href":"https:\/\/api.w.org\/{rel}","templated":true}]}}