{"id":5169,"date":"2024-10-30T17:38:36","date_gmt":"2024-10-30T16:38:36","guid":{"rendered":"https:\/\/areaalzheimer.fpmaragall.org\/instrucciones-de-acceso-a-moodle-espacio-de-formacion-y-acompanamiento\/"},"modified":"2025-01-14T20:23:48","modified_gmt":"2025-01-14T19:23:48","slug":"instrucciones-de-acceso-a-moodle-espacio-de-formacion-y-acompanamiento","status":"publish","type":"page","link":"https:\/\/areaalzheimer.fpmaragall.org\/ca\/instrucciones-de-acceso-a-moodle-espacio-de-formacion-y-acompanamiento\/","title":{"rendered":"Instruccions d\u2019acc\u00e9s a Moodle &#8211; Espai de Formaci\u00f3 i Acompanyament"},"content":{"rendered":"\n<p><strong>1. Benvingut\/da a l&#8217;\u00c0rea Alzheimer! <\/strong>A la p\u00e0gina principal trobar\u00e0s informaci\u00f3 de tots els recursos i continguts a la teva disposici\u00f3. Abans de res, si us plau, <strong>fes clic sobre el bot\u00f3 \u201cinicia sessi\u00f3\u201d del men\u00fa superior<\/strong> per entrar amb les teves credencials.<\/p>\n\n\n\n<figure class=\"wp-block-image size-large\"><img decoding=\"async\" src=\"https:\/\/areaalzheimer.fpmaragall.org\/wp-content\/uploads\/Pagina-inici-AreaAlzheimer-1.jpg\" alt=\"Captura de pantalla de la Home de AreAlzheimer amb el bot\u00f3 'Iniciar sesi\u00f3' resaltat\"\/><\/figure>\n\n\n\n<p><strong>2. Introdueix les teves credenials<\/strong><\/p>\n\n\n\n<figure class=\"wp-block-image size-large\"><img loading=\"lazy\" decoding=\"async\" width=\"1024\" height=\"543\" src=\"https:\/\/areaalzheimer.fpmaragall.org\/wp-content\/uploads\/Pagina-log-in-credencials-1024x543.jpg\" alt=\"\" class=\"wp-image-5232\" srcset=\"https:\/\/areaalzheimer.fpmaragall.org\/wp-content\/uploads\/Pagina-log-in-credencials-1024x543.jpg 1024w, https:\/\/areaalzheimer.fpmaragall.org\/wp-content\/uploads\/Pagina-log-in-credencials-300x159.jpg 300w, https:\/\/areaalzheimer.fpmaragall.org\/wp-content\/uploads\/Pagina-log-in-credencials-768x407.jpg 768w, https:\/\/areaalzheimer.fpmaragall.org\/wp-content\/uploads\/Pagina-log-in-credencials-1536x815.jpg 1536w, https:\/\/areaalzheimer.fpmaragall.org\/wp-content\/uploads\/Pagina-log-in-credencials-2048x1086.jpg 2048w, https:\/\/areaalzheimer.fpmaragall.org\/wp-content\/uploads\/Pagina-log-in-credencials-600x318.jpg 600w, https:\/\/areaalzheimer.fpmaragall.org\/wp-content\/uploads\/Pagina-log-in-credencials-624x331.jpg 624w\" sizes=\"auto, (max-width: 1024px) 100vw, 1024px\" \/><\/figure>\n\n\n\n<p><strong>3.<\/strong> Un cop iniciada la sessi\u00f3, des de la p\u00e0gina d&#8217;Inici <strong>fes clic sobre el bot\u00f3 verd \u201cEls meus espais\u201d (icona en forma de llibre)<\/strong> del men\u00fa superior per accedir directament a l&#8217;espai on es desenvolupar\u00e0 l&#8217;activitat\/programa en l\u00ednia<em>.<\/em><\/p>\n\n\n\n<figure class=\"wp-block-image size-large\"><img decoding=\"async\" src=\"https:\/\/areaalzheimer.fpmaragall.org\/wp-content\/uploads\/Acces-Moodle.jpg\" alt=\"Captura de pantalla de la Home de AreAlzheimer amb el bot\u00f3 'Els meus espais' resaltat\"\/><\/figure>\n\n\n\n<p><strong>4. <\/strong>La primera vegada que hi accedeixis, haur\u00e0s de revisar i acceptar la <strong>pol\u00edtica de privacitat<\/strong> i les <strong>cookies<\/strong>.<\/p>\n\n\n\n<p>S\u00f3n 4 passos\/pantalles que avan\u00e7ar\u00e0s prement el bot\u00f3 verd \u201cseg\u00fcent\u201d. <strong>A l\u2019\u00faltim pas haur\u00e0s de marcar l\u2019opci\u00f3 \u201cDono el meu consentiment a l\u2019av\u00eds legal\u201d i tot seguit \u201cseg\u00fcent\u201d per finalitzar.<\/strong><\/p>\n\n\n\n<figure class=\"wp-block-image size-large\"><img loading=\"lazy\" decoding=\"async\" width=\"1024\" height=\"390\" src=\"https:\/\/areaalzheimer.fpmaragall.org\/wp-content\/uploads\/image-33-1024x390.png\" alt=\"Captures de pantalla de les pantalles de pol\u00edtica de privacitat i cookies\" class=\"wp-image-4870\" srcset=\"https:\/\/areaalzheimer.fpmaragall.org\/wp-content\/uploads\/image-33-1024x390.png 1024w, https:\/\/areaalzheimer.fpmaragall.org\/wp-content\/uploads\/image-33-300x114.png 300w, https:\/\/areaalzheimer.fpmaragall.org\/wp-content\/uploads\/image-33-768x292.png 768w, https:\/\/areaalzheimer.fpmaragall.org\/wp-content\/uploads\/image-33-1536x584.png 1536w, https:\/\/areaalzheimer.fpmaragall.org\/wp-content\/uploads\/image-33-600x228.png 600w, https:\/\/areaalzheimer.fpmaragall.org\/wp-content\/uploads\/image-33-624x237.png 624w, https:\/\/areaalzheimer.fpmaragall.org\/wp-content\/uploads\/image-33.png 1961w\" sizes=\"auto, (max-width: 1024px) 100vw, 1024px\" \/><\/figure>\n\n\n\n<p><strong>5. <\/strong>Ja pots accedir a l\u2019Aula virtual quan vulguis, ens veiem el dia de la sessi\u00f3!<\/p>\n\n\n\n<figure class=\"wp-block-image size-large\"><img loading=\"lazy\" decoding=\"async\" width=\"1024\" height=\"509\" src=\"https:\/\/areaalzheimer.fpmaragall.org\/wp-content\/uploads\/image-34-1024x509.png\" alt=\"Captura de pantalla de la Home de Moodle amb el missatge de benvinguda que es mostra al accedir per primera vegada\" class=\"wp-image-4872\" srcset=\"https:\/\/areaalzheimer.fpmaragall.org\/wp-content\/uploads\/image-34-1024x509.png 1024w, https:\/\/areaalzheimer.fpmaragall.org\/wp-content\/uploads\/image-34-300x149.png 300w, https:\/\/areaalzheimer.fpmaragall.org\/wp-content\/uploads\/image-34-768x382.png 768w, https:\/\/areaalzheimer.fpmaragall.org\/wp-content\/uploads\/image-34-600x298.png 600w, https:\/\/areaalzheimer.fpmaragall.org\/wp-content\/uploads\/image-34-624x310.png 624w, https:\/\/areaalzheimer.fpmaragall.org\/wp-content\/uploads\/image-34.png 1164w\" sizes=\"auto, (max-width: 1024px) 100vw, 1024px\" \/><\/figure>\n","protected":false},"excerpt":{"rendered":"<p>1. Benvingut\/da a l&#8217;\u00c0rea Alzheimer! A la p\u00e0gina principal trobar\u00e0s informaci\u00f3 de tots els recursos i continguts a la teva disposici\u00f3. Abans de res, si&hellip;<\/p>\n","protected":false},"author":311,"featured_media":0,"parent":0,"menu_order":0,"comment_status":"closed","ping_status":"closed","template":"","meta":{"_acf_changed":false,"footnotes":""},"class_list":["post-5169","page","type-page","status-publish","hentry"],"acf":[],"_links":{"self":[{"href":"https:\/\/areaalzheimer.fpmaragall.org\/ca\/wp-json\/wp\/v2\/pages\/5169","targetHints":{"allow":["GET"]}}],"collection":[{"href":"https:\/\/areaalzheimer.fpmaragall.org\/ca\/wp-json\/wp\/v2\/pages"}],"about":[{"href":"https:\/\/areaalzheimer.fpmaragall.org\/ca\/wp-json\/wp\/v2\/types\/page"}],"author":[{"embeddable":true,"href":"https:\/\/areaalzheimer.fpmaragall.org\/ca\/wp-json\/wp\/v2\/users\/311"}],"replies":[{"embeddable":true,"href":"https:\/\/areaalzheimer.fpmaragall.org\/ca\/wp-json\/wp\/v2\/comments?post=5169"}],"version-history":[{"count":9,"href":"https:\/\/areaalzheimer.fpmaragall.org\/ca\/wp-json\/wp\/v2\/pages\/5169\/revisions"}],"predecessor-version":[{"id":5237,"href":"https:\/\/areaalzheimer.fpmaragall.org\/ca\/wp-json\/wp\/v2\/pages\/5169\/revisions\/5237"}],"wp:attachment":[{"href":"https:\/\/areaalzheimer.fpmaragall.org\/ca\/wp-json\/wp\/v2\/media?parent=5169"}],"curies":[{"name":"wp","href":"https:\/\/api.w.org\/{rel}","templated":true}]}}