{"id":5260,"date":"2025-01-23T10:41:35","date_gmt":"2025-01-23T09:41:35","guid":{"rendered":"https:\/\/areaalzheimer.fpmaragall.org\/instrucciones-de-registro-en-area-alzheimer\/"},"modified":"2025-01-23T10:50:28","modified_gmt":"2025-01-23T09:50:28","slug":"instrucciones-de-registro-en-area-alzheimer","status":"publish","type":"page","link":"https:\/\/areaalzheimer.fpmaragall.org\/ca\/instrucciones-de-registro-en-area-alzheimer\/","title":{"rendered":"Instrucciones de registro en Area Alzheimer"},"content":{"rendered":"\n<p><strong>1.<\/strong> <strong>Haz click en el siguiente <a href=\"https:\/\/areaalzheimer.fpmaragall.org\/ca\/registro-de-usuarios\/?step=1\">enlace <\/a>y accede a la p\u00e1gina de registro de Area Alzheimer<\/strong>. Completa el formulario para crearte una cuenta. Este proceso solo te llevar\u00e1 unos minutos.    <\/p>\n\n<figure class=\"wp-block-image size-large\"><img loading=\"lazy\" decoding=\"async\" width=\"1024\" height=\"644\" src=\"https:\/\/areaalzheimer.fpmaragall.org\/wp-content\/uploads\/Captura-de-pantalla-109-1024x644.png\" alt=\"\" class=\"wp-image-5251\" srcset=\"https:\/\/areaalzheimer.fpmaragall.org\/wp-content\/uploads\/Captura-de-pantalla-109-1024x644.png 1024w, https:\/\/areaalzheimer.fpmaragall.org\/wp-content\/uploads\/Captura-de-pantalla-109-300x189.png 300w, https:\/\/areaalzheimer.fpmaragall.org\/wp-content\/uploads\/Captura-de-pantalla-109-768x483.png 768w, https:\/\/areaalzheimer.fpmaragall.org\/wp-content\/uploads\/Captura-de-pantalla-109-600x377.png 600w, https:\/\/areaalzheimer.fpmaragall.org\/wp-content\/uploads\/Captura-de-pantalla-109-624x392.png 624w, https:\/\/areaalzheimer.fpmaragall.org\/wp-content\/uploads\/Captura-de-pantalla-109.png 1380w\" sizes=\"auto, (max-width: 1024px) 100vw, 1024px\" \/><\/figure>\n\n<p><strong>2. <\/strong> Una vez hayas rellenado los diferentes campos con tu informaci\u00f3n y aceptes la pol\u00edtica de privacidad y de uso de la aplicaci\u00f3n, clica en el bot\u00f3n &#8220;<strong>finalizar<\/strong>&#8220;.  <\/p>\n\n<figure class=\"wp-block-image size-large\"><img loading=\"lazy\" decoding=\"async\" width=\"1024\" height=\"351\" src=\"https:\/\/areaalzheimer.fpmaragall.org\/wp-content\/uploads\/Captura-de-pantalla-110-1024x351.png\" alt=\"\" class=\"wp-image-5253\" srcset=\"https:\/\/areaalzheimer.fpmaragall.org\/wp-content\/uploads\/Captura-de-pantalla-110-1024x351.png 1024w, https:\/\/areaalzheimer.fpmaragall.org\/wp-content\/uploads\/Captura-de-pantalla-110-300x103.png 300w, https:\/\/areaalzheimer.fpmaragall.org\/wp-content\/uploads\/Captura-de-pantalla-110-768x263.png 768w, https:\/\/areaalzheimer.fpmaragall.org\/wp-content\/uploads\/Captura-de-pantalla-110-1536x526.png 1536w, https:\/\/areaalzheimer.fpmaragall.org\/wp-content\/uploads\/Captura-de-pantalla-110-600x205.png 600w, https:\/\/areaalzheimer.fpmaragall.org\/wp-content\/uploads\/Captura-de-pantalla-110-624x214.png 624w, https:\/\/areaalzheimer.fpmaragall.org\/wp-content\/uploads\/Captura-de-pantalla-110.png 1857w\" sizes=\"auto, (max-width: 1024px) 100vw, 1024px\" \/><\/figure>\n\n<p><strong>  3. Bienvenid@ a Area Alzheimer!   <\/strong>En la p\u00e1gina principal encontrar\u00e1s informaci\u00f3n de todos los recursos y contenidos a tu disposici\u00f3n.  <\/p>\n\n<figure class=\"wp-block-image size-large\"><img loading=\"lazy\" decoding=\"async\" width=\"1024\" height=\"477\" src=\"https:\/\/areaalzheimer.fpmaragall.org\/wp-content\/uploads\/Captura-de-pantalla-111-1024x477.png\" alt=\"\" class=\"wp-image-5255\" srcset=\"https:\/\/areaalzheimer.fpmaragall.org\/wp-content\/uploads\/Captura-de-pantalla-111-1024x477.png 1024w, https:\/\/areaalzheimer.fpmaragall.org\/wp-content\/uploads\/Captura-de-pantalla-111-300x140.png 300w, https:\/\/areaalzheimer.fpmaragall.org\/wp-content\/uploads\/Captura-de-pantalla-111-768x357.png 768w, https:\/\/areaalzheimer.fpmaragall.org\/wp-content\/uploads\/Captura-de-pantalla-111-1536x715.png 1536w, https:\/\/areaalzheimer.fpmaragall.org\/wp-content\/uploads\/Captura-de-pantalla-111-600x279.png 600w, https:\/\/areaalzheimer.fpmaragall.org\/wp-content\/uploads\/Captura-de-pantalla-111-624x290.png 624w, https:\/\/areaalzheimer.fpmaragall.org\/wp-content\/uploads\/Captura-de-pantalla-111.png 1876w\" sizes=\"auto, (max-width: 1024px) 100vw, 1024px\" \/><\/figure>\n\n<p><\/p>\n","protected":false},"excerpt":{"rendered":"<p>1. Haz click en el siguiente enlace y accede a la p\u00e1gina de registro de Area Alzheimer. Completa el formulario para crearte una cuenta. Este&hellip;<\/p>\n","protected":false},"author":311,"featured_media":0,"parent":0,"menu_order":0,"comment_status":"closed","ping_status":"closed","template":"","meta":{"_acf_changed":false,"footnotes":""},"class_list":["post-5260","page","type-page","status-publish","hentry"],"acf":[],"_links":{"self":[{"href":"https:\/\/areaalzheimer.fpmaragall.org\/ca\/wp-json\/wp\/v2\/pages\/5260","targetHints":{"allow":["GET"]}}],"collection":[{"href":"https:\/\/areaalzheimer.fpmaragall.org\/ca\/wp-json\/wp\/v2\/pages"}],"about":[{"href":"https:\/\/areaalzheimer.fpmaragall.org\/ca\/wp-json\/wp\/v2\/types\/page"}],"author":[{"embeddable":true,"href":"https:\/\/areaalzheimer.fpmaragall.org\/ca\/wp-json\/wp\/v2\/users\/311"}],"replies":[{"embeddable":true,"href":"https:\/\/areaalzheimer.fpmaragall.org\/ca\/wp-json\/wp\/v2\/comments?post=5260"}],"version-history":[{"count":1,"href":"https:\/\/areaalzheimer.fpmaragall.org\/ca\/wp-json\/wp\/v2\/pages\/5260\/revisions"}],"predecessor-version":[{"id":5261,"href":"https:\/\/areaalzheimer.fpmaragall.org\/ca\/wp-json\/wp\/v2\/pages\/5260\/revisions\/5261"}],"wp:attachment":[{"href":"https:\/\/areaalzheimer.fpmaragall.org\/ca\/wp-json\/wp\/v2\/media?parent=5260"}],"curies":[{"name":"wp","href":"https:\/\/api.w.org\/{rel}","templated":true}]}}